{"id":11471,"date":"2017-08-28T12:34:12","date_gmt":"2017-08-28T10:34:12","guid":{"rendered":"https:\/\/jarltech.blog\/impressum"},"modified":"2025-06-12T10:50:33","modified_gmt":"2025-06-12T08:50:33","slug":"mentions-legales","status":"publish","type":"page","link":"https:\/\/jarltech.blog\/fr\/mentions-legales","title":{"rendered":"Mentions l\u00e9gales"},"content":{"rendered":"<p class=\"caps\"><strong>Propri\u00e9taire du site web :<\/strong><br \/>\nJarltech Europe GmbH<br \/>\nJarltech-Platz 1<br \/>\n61250 Usingen<br \/>\nGermany<\/p>\n<p><strong>Num\u00e9ro de t\u00e9l\u00e9phone :<\/strong> +49 (0) 6081 600-100<br \/>\n<strong>Fax :<\/strong> +49 (0) 6081 600-500<\/p>\n<p><strong>Directeur g\u00e9n\u00e9ral :<\/strong><br \/>\nUlrich Spranger (legal agent)<br \/>\n<a class=\"spamspan\" href=\"mailto:ulrich.spranger@jarltech.de\">ulrich.spranger@jarltech.de<\/a><\/p>\n<p><strong>Le d\u00e9l\u00e9gu\u00e9 \u00e0 la protection des donn\u00e9es du responsable du traitement est :<\/strong><br \/>\nMFM Datenschutz-Consulting GmbH, repr\u00e9sent\u00e9 par les avocats et directeurs g\u00e9n\u00e9raux Florian Kaiser et Marc Sch\u00f6nberger<br \/>\nMainzer Landstra\u00dfe 55<br \/>\n60329 Frankfurt am Main<\/p>\n<p><strong>Registre du commerce :<\/strong><br \/>\nBad Homburg v.d.H. HR-B 8433<\/p>\n<p><strong>NUM\u00c9RO DE TVA :<\/strong><br \/>\nDE 161 750 021<\/p>\n<p><strong>WEEE-ID:<\/strong><br \/>\nDE <span class=\"ui-provider cbg cbh bbc bmm bmn bmo bmp bmq bmr bms bmt bmu bmv bmw bmx bmy bmz bna bnb bnc cbi cbj bnf bng bnh bni bnj bnk bnl bnm bnn bno bnp bnq bnr\" dir=\"ltr\">635 893 00<\/span><\/p>\n<p><strong>ID personnalis\u00e9 ADEME<\/strong><br \/>\nFR365870_01CEAO &#8211; Enregistrement aupr\u00e8s de CITEO pour les emballages<\/p>\n<p><strong>Num\u00e9ro de taxe :<\/strong><br \/>\n003 236 56022<\/p>\n<p>Le r\u00e8glement des paiements par carte de cr\u00e9dit est effectu\u00e9 par :<br \/>\nUnzer Luxembourg S.A. soci\u00e9t\u00e9 anonyme, 1, Place du March\u00e9, L-6755 Grevenmacher, RCS Luxembourg: B 144133,<br \/>\nConseil d&#8217;administration : Dipl. Vw. Mirko H\u00fcllemann, Jens Bader, Andr\u00e9 Munk, Commission de Surveillance du Secteur<br \/>\nFinancier (CSSF) 283 rte. d\u00b4Arlon, L-1150 Luxembourg, CSSF: Z00000009, <a class=\"ext\" title=\"(opens in a new window)\" href=\"https:\/\/www.unzer.com\" target=\"_blank\" rel=\"noopener noreferrer\" data-extlink=\"\">www.unzer.com<\/a><\/p>\n<p>Business Hours: 8:00 to 18:30 GMT+1, Monday to Friday<\/p>\n","protected":false},"excerpt":{"rendered":"<p>Propri\u00e9taire du site web : Jarltech Europe GmbH Jarltech-Platz 1 61250 Usingen Germany Num\u00e9ro de t\u00e9l\u00e9phone : +49 (0) 6081 600-100 Fax : +49 (0) 6081 600-500 Directeur g\u00e9n\u00e9ral :<\/p>\n","protected":false},"author":7,"featured_media":0,"parent":0,"menu_order":0,"comment_status":"closed","ping_status":"closed","template":"","meta":{"footnotes":""},"class_list":["post-11471","page","type-page","status-publish","hentry"],"yoast_head":"<!-- This site is optimized with the Yoast SEO plugin v27.3 - https:\/\/yoast.com\/product\/yoast-seo-wordpress\/ -->\n<title>Mentions l\u00e9gales - Jarltech.blog<\/title>\n<meta name=\"robots\" content=\"noindex, follow\" \/>\n<meta name=\"twitter:card\" content=\"summary_large_image\" \/>\n<meta name=\"twitter:title\" content=\"Mentions l\u00e9gales - Jarltech.blog\" \/>\n<meta name=\"twitter:description\" content=\"Propri\u00e9taire du site web : Jarltech Europe GmbH Jarltech-Platz 1 61250 Usingen Germany Num\u00e9ro de t\u00e9l\u00e9phone : +49 (0) 6081 600-100 Fax : +49 (0) 6081 600-500 Directeur g\u00e9n\u00e9ral :\" \/>\n<meta name=\"twitter:site\" content=\"@jarltech\" \/>\n<meta name=\"twitter:label1\" content=\"Est. reading time\" \/>\n\t<meta name=\"twitter:data1\" content=\"1 minute\" \/>\n<script type=\"application\/ld+json\" class=\"yoast-schema-graph\">{\"@context\":\"https:\\\/\\\/schema.org\",\"@graph\":[{\"@type\":\"WebPage\",\"@id\":\"https:\\\/\\\/jarltech.blog\\\/fr\\\/mentions-legales\",\"url\":\"https:\\\/\\\/jarltech.blog\\\/fr\\\/mentions-legales\",\"name\":\"Mentions l\u00e9gales - Jarltech.blog\",\"isPartOf\":{\"@id\":\"https:\\\/\\\/jarltech.blog\\\/#website\"},\"datePublished\":\"2017-08-28T10:34:12+00:00\",\"dateModified\":\"2025-06-12T08:50:33+00:00\",\"breadcrumb\":{\"@id\":\"https:\\\/\\\/jarltech.blog\\\/fr\\\/mentions-legales#breadcrumb\"},\"inLanguage\":\"fr-FR\",\"potentialAction\":[{\"@type\":\"ReadAction\",\"target\":[\"https:\\\/\\\/jarltech.blog\\\/fr\\\/mentions-legales\"]}]},{\"@type\":\"BreadcrumbList\",\"@id\":\"https:\\\/\\\/jarltech.blog\\\/fr\\\/mentions-legales#breadcrumb\",\"itemListElement\":[{\"@type\":\"ListItem\",\"position\":1,\"name\":\"Startseite\",\"item\":\"https:\\\/\\\/jarltech.blog\\\/fr\"},{\"@type\":\"ListItem\",\"position\":2,\"name\":\"Mentions l\u00e9gales\"}]},{\"@type\":\"WebSite\",\"@id\":\"https:\\\/\\\/jarltech.blog\\\/#website\",\"url\":\"https:\\\/\\\/jarltech.blog\\\/\",\"name\":\"Jarltech.blog\",\"description\":\"\",\"potentialAction\":[{\"@type\":\"SearchAction\",\"target\":{\"@type\":\"EntryPoint\",\"urlTemplate\":\"https:\\\/\\\/jarltech.blog\\\/?s={search_term_string}\"},\"query-input\":{\"@type\":\"PropertyValueSpecification\",\"valueRequired\":true,\"valueName\":\"search_term_string\"}}],\"inLanguage\":\"fr-FR\"}]}<\/script>\n<!-- \/ Yoast SEO plugin. -->","yoast_head_json":{"title":"Mentions l\u00e9gales - Jarltech.blog","robots":{"index":"noindex","follow":"follow"},"twitter_card":"summary_large_image","twitter_title":"Mentions l\u00e9gales - Jarltech.blog","twitter_description":"Propri\u00e9taire du site web : Jarltech Europe GmbH Jarltech-Platz 1 61250 Usingen Germany Num\u00e9ro de t\u00e9l\u00e9phone : +49 (0) 6081 600-100 Fax : +49 (0) 6081 600-500 Directeur g\u00e9n\u00e9ral :","twitter_site":"@jarltech","twitter_misc":{"Est. reading time":"1 minute"},"schema":{"@context":"https:\/\/schema.org","@graph":[{"@type":"WebPage","@id":"https:\/\/jarltech.blog\/fr\/mentions-legales","url":"https:\/\/jarltech.blog\/fr\/mentions-legales","name":"Mentions l\u00e9gales - Jarltech.blog","isPartOf":{"@id":"https:\/\/jarltech.blog\/#website"},"datePublished":"2017-08-28T10:34:12+00:00","dateModified":"2025-06-12T08:50:33+00:00","breadcrumb":{"@id":"https:\/\/jarltech.blog\/fr\/mentions-legales#breadcrumb"},"inLanguage":"fr-FR","potentialAction":[{"@type":"ReadAction","target":["https:\/\/jarltech.blog\/fr\/mentions-legales"]}]},{"@type":"BreadcrumbList","@id":"https:\/\/jarltech.blog\/fr\/mentions-legales#breadcrumb","itemListElement":[{"@type":"ListItem","position":1,"name":"Startseite","item":"https:\/\/jarltech.blog\/fr"},{"@type":"ListItem","position":2,"name":"Mentions l\u00e9gales"}]},{"@type":"WebSite","@id":"https:\/\/jarltech.blog\/#website","url":"https:\/\/jarltech.blog\/","name":"Jarltech.blog","description":"","potentialAction":[{"@type":"SearchAction","target":{"@type":"EntryPoint","urlTemplate":"https:\/\/jarltech.blog\/?s={search_term_string}"},"query-input":{"@type":"PropertyValueSpecification","valueRequired":true,"valueName":"search_term_string"}}],"inLanguage":"fr-FR"}]}},"_links":{"self":[{"href":"https:\/\/jarltech.blog\/fr\/wp-json\/wp\/v2\/pages\/11471","targetHints":{"allow":["GET"]}}],"collection":[{"href":"https:\/\/jarltech.blog\/fr\/wp-json\/wp\/v2\/pages"}],"about":[{"href":"https:\/\/jarltech.blog\/fr\/wp-json\/wp\/v2\/types\/page"}],"author":[{"embeddable":true,"href":"https:\/\/jarltech.blog\/fr\/wp-json\/wp\/v2\/users\/7"}],"replies":[{"embeddable":true,"href":"https:\/\/jarltech.blog\/fr\/wp-json\/wp\/v2\/comments?post=11471"}],"version-history":[{"count":4,"href":"https:\/\/jarltech.blog\/fr\/wp-json\/wp\/v2\/pages\/11471\/revisions"}],"predecessor-version":[{"id":50703,"href":"https:\/\/jarltech.blog\/fr\/wp-json\/wp\/v2\/pages\/11471\/revisions\/50703"}],"wp:attachment":[{"href":"https:\/\/jarltech.blog\/fr\/wp-json\/wp\/v2\/media?parent=11471"}],"curies":[{"name":"wp","href":"https:\/\/api.w.org\/{rel}","templated":true}]}}