{"id":11454,"date":"2021-05-10T13:32:20","date_gmt":"2021-05-10T11:32:20","guid":{"rendered":"https:\/\/jarltech.blog\/?page_id=11454"},"modified":"2022-11-01T10:43:09","modified_gmt":"2022-11-01T09:43:09","slug":"contact","status":"publish","type":"page","link":"https:\/\/jarltech.blog\/fr\/contact","title":{"rendered":"Contact"},"content":{"rendered":"<h1>Comment nous joindre<\/h1>\n<p class=\"caps\">Vous avez des questions sur notre portefeuille, nos services ou tout autre sujet ? Nous avons les r\u00e9ponses ! Il suffit de nous \u00e9crire et nous vous r\u00e9pondrons dans les plus brefs d\u00e9lais.<\/p>\n<p>Jarltech est repr\u00e9sent\u00e9 personnellement pour vous dans le monde entier. Vous trouverez un aper\u00e7u de nos bureaux et des informations de contact \u00e0 l&#8217;adresse suivante <a href=\"https:\/\/www.jarltech.com\/2007\/jarltech.php?language=fr&amp;link=5\" target=\"_blank\" rel=\"noopener\">www.jarltech.com\/contact<\/a>.<\/p>\n","protected":false},"excerpt":{"rendered":"<p>Comment nous joindre Vous avez des questions sur notre portefeuille, nos services ou tout autre sujet ? Nous avons les r\u00e9ponses ! Il suffit de nous \u00e9crire et nous vous<\/p>\n","protected":false},"author":7,"featured_media":0,"parent":0,"menu_order":0,"comment_status":"closed","ping_status":"closed","template":"template-contact.php","meta":{"footnotes":""},"class_list":["post-11454","page","type-page","status-publish","hentry"],"yoast_head":"<!-- This site is optimized with the Yoast SEO plugin v27.4 - https:\/\/yoast.com\/product\/yoast-seo-wordpress\/ -->\n<title>Contact - Jarltech.blog<\/title>\n<meta name=\"robots\" content=\"noindex, follow\" \/>\n<meta name=\"twitter:card\" content=\"summary_large_image\" \/>\n<meta name=\"twitter:title\" content=\"Contact - Jarltech.blog\" \/>\n<meta name=\"twitter:description\" content=\"Comment nous joindre Vous avez des questions sur notre portefeuille, nos services ou tout autre sujet ? Nous avons les r\u00e9ponses ! Il suffit de nous \u00e9crire et nous vous\" \/>\n<meta name=\"twitter:site\" content=\"@jarltech\" \/>\n<meta name=\"twitter:label1\" content=\"Est. reading time\" \/>\n\t<meta name=\"twitter:data1\" content=\"1 minute\" \/>\n<script type=\"application\/ld+json\" class=\"yoast-schema-graph\">{\"@context\":\"https:\\\/\\\/schema.org\",\"@graph\":[{\"@type\":\"WebPage\",\"@id\":\"https:\\\/\\\/jarltech.blog\\\/fr\\\/contact\",\"url\":\"https:\\\/\\\/jarltech.blog\\\/fr\\\/contact\",\"name\":\"Contact - Jarltech.blog\",\"isPartOf\":{\"@id\":\"https:\\\/\\\/jarltech.blog\\\/#website\"},\"datePublished\":\"2021-05-10T11:32:20+00:00\",\"dateModified\":\"2022-11-01T09:43:09+00:00\",\"breadcrumb\":{\"@id\":\"https:\\\/\\\/jarltech.blog\\\/fr\\\/contact#breadcrumb\"},\"inLanguage\":\"fr-FR\",\"potentialAction\":[{\"@type\":\"ReadAction\",\"target\":[\"https:\\\/\\\/jarltech.blog\\\/fr\\\/contact\"]}]},{\"@type\":\"BreadcrumbList\",\"@id\":\"https:\\\/\\\/jarltech.blog\\\/fr\\\/contact#breadcrumb\",\"itemListElement\":[{\"@type\":\"ListItem\",\"position\":1,\"name\":\"Startseite\",\"item\":\"https:\\\/\\\/jarltech.blog\\\/fr\"},{\"@type\":\"ListItem\",\"position\":2,\"name\":\"Contact\"}]},{\"@type\":\"WebSite\",\"@id\":\"https:\\\/\\\/jarltech.blog\\\/#website\",\"url\":\"https:\\\/\\\/jarltech.blog\\\/\",\"name\":\"Jarltech.blog\",\"description\":\"\",\"potentialAction\":[{\"@type\":\"SearchAction\",\"target\":{\"@type\":\"EntryPoint\",\"urlTemplate\":\"https:\\\/\\\/jarltech.blog\\\/?s={search_term_string}\"},\"query-input\":{\"@type\":\"PropertyValueSpecification\",\"valueRequired\":true,\"valueName\":\"search_term_string\"}}],\"inLanguage\":\"fr-FR\"}]}<\/script>\n<!-- \/ Yoast SEO plugin. -->","yoast_head_json":{"title":"Contact - Jarltech.blog","robots":{"index":"noindex","follow":"follow"},"twitter_card":"summary_large_image","twitter_title":"Contact - Jarltech.blog","twitter_description":"Comment nous joindre Vous avez des questions sur notre portefeuille, nos services ou tout autre sujet ? Nous avons les r\u00e9ponses ! Il suffit de nous \u00e9crire et nous vous","twitter_site":"@jarltech","twitter_misc":{"Est. reading time":"1 minute"},"schema":{"@context":"https:\/\/schema.org","@graph":[{"@type":"WebPage","@id":"https:\/\/jarltech.blog\/fr\/contact","url":"https:\/\/jarltech.blog\/fr\/contact","name":"Contact - Jarltech.blog","isPartOf":{"@id":"https:\/\/jarltech.blog\/#website"},"datePublished":"2021-05-10T11:32:20+00:00","dateModified":"2022-11-01T09:43:09+00:00","breadcrumb":{"@id":"https:\/\/jarltech.blog\/fr\/contact#breadcrumb"},"inLanguage":"fr-FR","potentialAction":[{"@type":"ReadAction","target":["https:\/\/jarltech.blog\/fr\/contact"]}]},{"@type":"BreadcrumbList","@id":"https:\/\/jarltech.blog\/fr\/contact#breadcrumb","itemListElement":[{"@type":"ListItem","position":1,"name":"Startseite","item":"https:\/\/jarltech.blog\/fr"},{"@type":"ListItem","position":2,"name":"Contact"}]},{"@type":"WebSite","@id":"https:\/\/jarltech.blog\/#website","url":"https:\/\/jarltech.blog\/","name":"Jarltech.blog","description":"","potentialAction":[{"@type":"SearchAction","target":{"@type":"EntryPoint","urlTemplate":"https:\/\/jarltech.blog\/?s={search_term_string}"},"query-input":{"@type":"PropertyValueSpecification","valueRequired":true,"valueName":"search_term_string"}}],"inLanguage":"fr-FR"}]}},"_links":{"self":[{"href":"https:\/\/jarltech.blog\/fr\/wp-json\/wp\/v2\/pages\/11454","targetHints":{"allow":["GET"]}}],"collection":[{"href":"https:\/\/jarltech.blog\/fr\/wp-json\/wp\/v2\/pages"}],"about":[{"href":"https:\/\/jarltech.blog\/fr\/wp-json\/wp\/v2\/types\/page"}],"author":[{"embeddable":true,"href":"https:\/\/jarltech.blog\/fr\/wp-json\/wp\/v2\/users\/7"}],"replies":[{"embeddable":true,"href":"https:\/\/jarltech.blog\/fr\/wp-json\/wp\/v2\/comments?post=11454"}],"version-history":[{"count":8,"href":"https:\/\/jarltech.blog\/fr\/wp-json\/wp\/v2\/pages\/11454\/revisions"}],"predecessor-version":[{"id":11539,"href":"https:\/\/jarltech.blog\/fr\/wp-json\/wp\/v2\/pages\/11454\/revisions\/11539"}],"wp:attachment":[{"href":"https:\/\/jarltech.blog\/fr\/wp-json\/wp\/v2\/media?parent=11454"}],"curies":[{"name":"wp","href":"https:\/\/api.w.org\/{rel}","templated":true}]}}